{"id":46,"date":"2016-02-18T15:19:26","date_gmt":"2016-02-18T14:19:26","guid":{"rendered":"http:\/\/tambourcorps-adenau.de\/_wp\/?page_id=46"},"modified":"2019-03-25T10:58:36","modified_gmt":"2019-03-25T09:58:36","slug":"46-2","status":"publish","type":"page","link":"http:\/\/tambourcorps-adenau.de\/_wp\/","title":{"rendered":"Herzlich Willkommen auf unserer Homepage"},"content":{"rendered":"<p>Auf unseren Internetseiten finden Sie interessante Informationen zu unserem Verein. Wir w\u00fcnschen Ihnen viel Spa\u00df beim &#8222;St\u00f6bern&#8220; und lassen Sie es uns wissen, wenn Ihnen diese Seiten gefallen.<\/p>\n<p>F\u00fcr weitere Anregungen sind wir Ihnen dankbar.<\/p>\n<p>&nbsp;<\/p>\n<p>Ihr Tambourcorps Adenau<\/p>\n<h1><a href=\"https:\/\/www.immobilien-skiba.de\" target=\"_blank\" rel=\"noopener\"><img loading=\"lazy\" class=\"wp-image-148 alignleft\" src=\"http:\/\/tambourcorps-adenau.de\/_wp\/wp-content\/uploads\/2019\/03\/IMMOBILIEN-SKIBA_LOGO-kompakt_SPONSOR_300x320.png\" alt=\"Immobilien Skiba aus Adenau am N\u00fcrburgring in der Eifel\" width=\"150\" height=\"160\" \/><\/a><\/h1>\n","protected":false},"excerpt":{"rendered":"<p>Auf unseren Internetseiten finden Sie interessante Informationen zu unserem Verein. Wir w\u00fcnschen Ihnen viel Spa\u00df beim &#8222;St\u00f6bern&#8220; und lassen Sie es uns wissen, wenn Ihnen diese Seiten gefallen. F\u00fcr weitere Anregungen sind wir Ihnen dankbar. &nbsp; Ihr Tambourcorps Adenau<\/p>\n","protected":false},"author":1,"featured_media":0,"parent":0,"menu_order":0,"comment_status":"closed","ping_status":"closed","template":"","meta":{"_expiration-date-status":"saved","_expiration-date":0,"_expiration-date-type":"","_expiration-date-categories":[],"_expiration-date-options":[]},"_links":{"self":[{"href":"http:\/\/tambourcorps-adenau.de\/_wp\/wp-json\/wp\/v2\/pages\/46"}],"collection":[{"href":"http:\/\/tambourcorps-adenau.de\/_wp\/wp-json\/wp\/v2\/pages"}],"about":[{"href":"http:\/\/tambourcorps-adenau.de\/_wp\/wp-json\/wp\/v2\/types\/page"}],"author":[{"embeddable":true,"href":"http:\/\/tambourcorps-adenau.de\/_wp\/wp-json\/wp\/v2\/users\/1"}],"replies":[{"embeddable":true,"href":"http:\/\/tambourcorps-adenau.de\/_wp\/wp-json\/wp\/v2\/comments?post=46"}],"version-history":[{"count":7,"href":"http:\/\/tambourcorps-adenau.de\/_wp\/wp-json\/wp\/v2\/pages\/46\/revisions"}],"predecessor-version":[{"id":152,"href":"http:\/\/tambourcorps-adenau.de\/_wp\/wp-json\/wp\/v2\/pages\/46\/revisions\/152"}],"wp:attachment":[{"href":"http:\/\/tambourcorps-adenau.de\/_wp\/wp-json\/wp\/v2\/media?parent=46"}],"curies":[{"name":"wp","href":"https:\/\/api.w.org\/{rel}","templated":true}]}}